{"id":3225,"date":"2022-09-28T18:33:54","date_gmt":"2022-09-28T16:33:54","guid":{"rendered":"https:\/\/fidrive.ch\/privacy-statement\/"},"modified":"2022-09-28T18:33:54","modified_gmt":"2022-09-28T16:33:54","slug":"privacy-statement","status":"publish","type":"page","link":"https:\/\/fidrive.ch\/en\/privacy-statement\/","title":{"rendered":"Privacy statement"},"content":{"rendered":"\n<!-- Legal document generated by Complianz | GDPR\/CCPA Cookie Consent https:\/\/wordpress.org\/plugins\/complianz-gdpr -->\n<div id=\"cmplz-document\" class=\"cmplz-document privacy-statement cmplz-document-eu\"><p><i>This privacy statement was last updated on October 26, 2022 and applies to citizens and legal permanent residents of the European Economic Area and Switzerland.<\/i><br><br><\/p><p><p>In this privacy statement, we explain what we do with the data we obtain about you via <a href=\"https:\/\/fidrive.ch\/en\/\">https:\/\/fidrive.ch\/en\/<\/a>. We recommend you carefully read this statement. In our processing we comply with the requirements of privacy legislation. That means, among other things, that:<\/p><ul>\n                <li>we clearly state the purposes for which we process personal data. We do this by means of this privacy statement;<\/li>\n                <li>we aim to limit our collection of personal data to only the personal data required for legitimate purposes;<\/li>\n                <li>we first request your explicit consent to process your personal data in cases requiring your consent;<\/li>\n                <li>we take appropriate security measures to protect your personal data and also require this from parties that process personal data on our behalf;<\/li>\n                <li>we respect your right to access your personal data or have it corrected or deleted, at your request.<\/li>\n            <\/ul><p>If you have any questions, or want to know exactly what data we keep of you, please contact us.<\/p><\/p><h2>1. Purpose, data and retention period<\/h2>We may collect or receive personal information for a number of purposes connected with our business operations which may include the following: (click to expand)<details class=\"cmplz-dropdown dropdown-privacy-statement\"><summary><div><h3>1.1 Contact &#8211; Through phone, mail, email and\/or webforms<\/h3><\/div><\/summary><p class=\"cmplz-subtitle\">For this purpose we use the following data:<\/p><p><ul><li>A first and last name<\/li><li>A home or other physical address, including street name and name of a city or town<\/li><li>An email address<\/li><li>A telephone number<\/li><li>Marital status<\/li><li>Date of birth<\/li><li>Sex<\/li><\/ul><\/p><p class=\"cmplz-subtitle\">The basis on which we may process these data is:<\/p><p><a target=\"_blank\" rel=\"noopener noreferrer nofollow\" href=\"https:\/\/cookiedatabase.org\/legal-bases\/#consent\">Upon the provision of consent.<\/a><\/p><p class=\"cmplz-subtitle\">Retention period<\/p><p>Upon termination of the service we retain this data for the following period: 10 ans.<\/p><\/details><details class=\"cmplz-dropdown dropdown-privacy-statement\"><summary><div><h3>1.2 To be able to comply with legal obligations<\/h3><\/div><\/summary><p class=\"cmplz-subtitle\">For this purpose we use the following data:<\/p><p><ul><li>A first and last name<\/li><li>A home or other physical address, including street name and name of a city or town<\/li><li>An email address<\/li><li>A telephone number<\/li><li>Marital status<\/li><li>Date of birth<\/li><li>Sex<\/li><li>Professional or employment-related information<\/li><\/ul><\/p><p class=\"cmplz-subtitle\">The basis on which we may process these data is:<\/p><p><a target=\"_blank\" rel=\"noopener noreferrer nofollow\" href=\"https:\/\/cookiedatabase.org\/legal-bases\/#consent\">Upon the provision of consent.<\/a><\/p><p class=\"cmplz-subtitle\">Retention period<\/p><p>Upon termination of the service we retain this data for the following period: 10 ans.<\/p><\/details><details class=\"cmplz-dropdown dropdown-privacy-statement\"><summary><div><h3>1.3 Compiling and analyzing statistics for website improvement.<\/h3><\/div><\/summary><p class=\"cmplz-subtitle\">For this purpose we use the following data:<\/p><p><ul><li>IP address<\/li><li>Geolocation data<\/li><\/ul><\/p><p class=\"cmplz-subtitle\">The basis on which we may process these data is:<\/p><p><a target=\"_blank\" rel=\"noopener noreferrer nofollow\" href=\"https:\/\/cookiedatabase.org\/legal-bases\/#consent\">Upon the provision of consent.<\/a><\/p><p class=\"cmplz-subtitle\">Retention period<\/p><p>We retain this data until the service is terminated.<\/p><\/details><h2>2. Cookies<\/h2><p>Our website uses cookies. For more information about cookies, please refer to our <a href=\"https:\/\/fidrive.ch\/en\/cookie-policy\/\">Cookie Policy<\/a>.&nbsp;<\/p><h2>3. Disclosure practices<\/h2><p><p>We disclose personal information if we are required by law or by a court order, in response to a law enforcement agency, to the extent permitted under other provisions of law, to provide information, or for an investigation on a matter related to public safety.<\/p><p>If our website or organisation is taken over, sold, or involved in a merger or acquisition, your details may be disclosed to our advisers and any prospective purchasers and will be passed on to the new owners.<\/p><\/p><p>We have concluded a data Processing Agreement with Google.<\/p><p>The inclusion of full IP addresses is blocked by us.<\/p><h2>4. Security<\/h2><p>We are committed to the security of personal data. We take appropriate security measures to limit abuse of and unauthorized access to personal data. This ensures that only the necessary persons have access to your data, that access to the data is protected, and that our security measures are regularly reviewed.<\/p><h2>5. Third-party websites<\/h2><p>This privacy statement does not apply to third-party websites connected by links on our website. We cannot guarantee that these third parties handle your personal data in a reliable or secure manner. We recommend you read the privacy statements of these websites prior to making use of these websites.<\/p><h2>6. Amendments to this privacy statement<\/h2><p>We reserve the right to make amendments to this privacy statement. It is recommended that you consult this privacy statement regularly in order to be aware of any changes. In addition, we will actively inform you wherever possible.<\/p><h2>7. Accessing and modifying your data<\/h2><p>If you have any questions or want to know which personal data we have about you, please contact us. You can contact us by using the information below. You have the following rights:<\/p><ul>\n                <li>You have the right to know why your personal data is needed, what will happen to it, and how long it will be retained for.<\/li>\n                <li>Right of access: You have the right to access your personal data that is known to us.<\/li>\n                <li>Right to rectification: you have the right to supplement, correct, have deleted or blocked your personal data whenever you wish.<\/li>\n                <li>If you give us your consent to process your data, you have the right to revoke that consent and to have your personal data deleted.<\/li>\n                <li>Right to transfer your data: you have the right to request all your personal data from the controller and transfer it in its entirety to another controller.<\/li>\n                <li>Right to object: you may object to the processing of your data. We comply with this, unless there are justified grounds for processing.<\/li>\n            <\/ul><p>Please make sure to always clearly state who you are, so that we can be certain that we do not modify or delete any data of the wrong person.<\/p><h2>8. Submitting a complaint<\/h2><p>If you are not satisfied with the way in which we handle (a complaint about) the processing of your personal data, you have the right to submit a complaint to the Data Protection Authority.<\/p><h2>9. Contact details<\/h2><p>Fiduciaire de Rive SA<br>\n        Rue de Rive 4 &#8211; 1204 Gen\u00e8ve<br>\n        Switzerland<br>\n        Website: <a href=\"https:\/\/fidrive.ch\/en\/\">https:\/\/fidrive.ch\/en\/<\/a> <br>\n        Email: <span class=\"cmplz-obfuscate\">hc&#x2e;e&#118;&#x69;rdif&#x40;ofni<\/span> <br>\n        Phone number: +41 22 310 81 33<\/p><h2>Annex<\/h2><p><h3>Really Simple SSL<\/h3>\r\nReally Simple SSL et les modules Really Simple SSL ne traitent aucune information personnelle identifiable, de sorte que le RGPD ne s\u2019applique pas \u00e0 ces extensions ou \u00e0 l\u2019utilisation de ces extensions sur votre site web. Vous pouvez trouver notre politique de confidentialit\u00e9 <a href=\"https:\/\/really-simple-ssl.com\/privacy-statement\/\" target=\"_blank\" rel=\"noopener\">ici<\/a>.\r\n<h3>Complianz | The Privacy Suite<\/h3>\r\nCe site web utilise la Privacy Suite de Complianz pour collecter les enregistrements de consentement.\u00a0Pour cette fonctionnalit\u00e9, votre adresse IP est rendue anonyme et stock\u00e9e dans notre base de donn\u00e9es.\u00a0Pour plus d\u2019informations, consultez la <a href=\"https:\/\/complianz.io\/privacy-statement\/\" target=\"_blank\" rel=\"noopener\">D\u00e9claration de confidentialit\u00e9<\/a> de Complianz.<\/p><\/div>","protected":false},"excerpt":{"rendered":"","protected":false},"author":1,"featured_media":0,"parent":0,"menu_order":0,"comment_status":"closed","ping_status":"closed","template":"","meta":{"_et_pb_use_builder":"","_et_pb_old_content":"","_et_gb_content_width":"","footnotes":""},"class_list":["post-3225","page","type-page","status-publish","hentry"],"yoast_head":"<!-- This site is optimized with the Yoast SEO plugin v27.2 - https:\/\/yoast.com\/product\/yoast-seo-wordpress\/ -->\n<title>Privacy statement - Fiduciaire de Rive SA<\/title>\n<meta name=\"description\" content=\"Privacy statement for fictive.ch. For more information, contact our team of chartered accountants in Geneva.\" \/>\n<meta name=\"robots\" content=\"index, follow, max-snippet:-1, max-image-preview:large, max-video-preview:-1\" \/>\n<link rel=\"canonical\" href=\"https:\/\/fidrive.ch\/en\/privacy-statement\/\" \/>\n<meta property=\"og:locale\" content=\"en_US\" \/>\n<meta property=\"og:type\" content=\"article\" \/>\n<meta property=\"og:title\" content=\"Privacy statement - Fiduciaire de Rive SA\" \/>\n<meta property=\"og:description\" content=\"Privacy statement for fictive.ch. For more information, contact our team of chartered accountants in Geneva.\" \/>\n<meta property=\"og:url\" content=\"https:\/\/fidrive.ch\/en\/privacy-statement\/\" \/>\n<meta property=\"og:site_name\" content=\"Fiduciaire de Rive SA\" \/>\n<meta name=\"twitter:card\" content=\"summary_large_image\" \/>\n<script type=\"application\/ld+json\" class=\"yoast-schema-graph\">{\"@context\":\"https:\/\/schema.org\",\"@graph\":[{\"@type\":\"WebPage\",\"@id\":\"https:\/\/fidrive.ch\/en\/privacy-statement\/\",\"url\":\"https:\/\/fidrive.ch\/en\/privacy-statement\/\",\"name\":\"Privacy statement - Fiduciaire de Rive SA\",\"isPartOf\":{\"@id\":\"https:\/\/rtsahjka.preview.infomaniak.website\/#website\"},\"datePublished\":\"2022-09-28T16:33:54+00:00\",\"description\":\"Privacy statement for fictive.ch. For more information, contact our team of chartered accountants in Geneva.\",\"breadcrumb\":{\"@id\":\"https:\/\/fidrive.ch\/en\/privacy-statement\/#breadcrumb\"},\"inLanguage\":\"en-US\",\"potentialAction\":[{\"@type\":\"ReadAction\",\"target\":[\"https:\/\/fidrive.ch\/en\/privacy-statement\/\"]}]},{\"@type\":\"BreadcrumbList\",\"@id\":\"https:\/\/fidrive.ch\/en\/privacy-statement\/#breadcrumb\",\"itemListElement\":[{\"@type\":\"ListItem\",\"position\":1,\"name\":\"Accueil\",\"item\":\"https:\/\/fidrive.ch\/en\/about-us\/\"},{\"@type\":\"ListItem\",\"position\":2,\"name\":\"Privacy statement\"}]},{\"@type\":\"WebSite\",\"@id\":\"https:\/\/rtsahjka.preview.infomaniak.website\/#website\",\"url\":\"https:\/\/rtsahjka.preview.infomaniak.website\/\",\"name\":\"Fiduciaire de Rive SA\",\"description\":\"Depuis 1957\",\"potentialAction\":[{\"@type\":\"SearchAction\",\"target\":{\"@type\":\"EntryPoint\",\"urlTemplate\":\"https:\/\/rtsahjka.preview.infomaniak.website\/?s={search_term_string}\"},\"query-input\":{\"@type\":\"PropertyValueSpecification\",\"valueRequired\":true,\"valueName\":\"search_term_string\"}}],\"inLanguage\":\"en-US\"}]}<\/script>\n<!-- \/ Yoast SEO plugin. -->","yoast_head_json":{"title":"Privacy statement - Fiduciaire de Rive SA","description":"Privacy statement for fictive.ch. For more information, contact our team of chartered accountants in Geneva.","robots":{"index":"index","follow":"follow","max-snippet":"max-snippet:-1","max-image-preview":"max-image-preview:large","max-video-preview":"max-video-preview:-1"},"canonical":"https:\/\/fidrive.ch\/en\/privacy-statement\/","og_locale":"en_US","og_type":"article","og_title":"Privacy statement - Fiduciaire de Rive SA","og_description":"Privacy statement for fictive.ch. For more information, contact our team of chartered accountants in Geneva.","og_url":"https:\/\/fidrive.ch\/en\/privacy-statement\/","og_site_name":"Fiduciaire de Rive SA","twitter_card":"summary_large_image","schema":{"@context":"https:\/\/schema.org","@graph":[{"@type":"WebPage","@id":"https:\/\/fidrive.ch\/en\/privacy-statement\/","url":"https:\/\/fidrive.ch\/en\/privacy-statement\/","name":"Privacy statement - Fiduciaire de Rive SA","isPartOf":{"@id":"https:\/\/rtsahjka.preview.infomaniak.website\/#website"},"datePublished":"2022-09-28T16:33:54+00:00","description":"Privacy statement for fictive.ch. For more information, contact our team of chartered accountants in Geneva.","breadcrumb":{"@id":"https:\/\/fidrive.ch\/en\/privacy-statement\/#breadcrumb"},"inLanguage":"en-US","potentialAction":[{"@type":"ReadAction","target":["https:\/\/fidrive.ch\/en\/privacy-statement\/"]}]},{"@type":"BreadcrumbList","@id":"https:\/\/fidrive.ch\/en\/privacy-statement\/#breadcrumb","itemListElement":[{"@type":"ListItem","position":1,"name":"Accueil","item":"https:\/\/fidrive.ch\/en\/about-us\/"},{"@type":"ListItem","position":2,"name":"Privacy statement"}]},{"@type":"WebSite","@id":"https:\/\/rtsahjka.preview.infomaniak.website\/#website","url":"https:\/\/rtsahjka.preview.infomaniak.website\/","name":"Fiduciaire de Rive SA","description":"Depuis 1957","potentialAction":[{"@type":"SearchAction","target":{"@type":"EntryPoint","urlTemplate":"https:\/\/rtsahjka.preview.infomaniak.website\/?s={search_term_string}"},"query-input":{"@type":"PropertyValueSpecification","valueRequired":true,"valueName":"search_term_string"}}],"inLanguage":"en-US"}]}},"_links":{"self":[{"href":"https:\/\/fidrive.ch\/en\/wp-json\/wp\/v2\/pages\/3225","targetHints":{"allow":["GET"]}}],"collection":[{"href":"https:\/\/fidrive.ch\/en\/wp-json\/wp\/v2\/pages"}],"about":[{"href":"https:\/\/fidrive.ch\/en\/wp-json\/wp\/v2\/types\/page"}],"author":[{"embeddable":true,"href":"https:\/\/fidrive.ch\/en\/wp-json\/wp\/v2\/users\/1"}],"replies":[{"embeddable":true,"href":"https:\/\/fidrive.ch\/en\/wp-json\/wp\/v2\/comments?post=3225"}],"version-history":[{"count":0,"href":"https:\/\/fidrive.ch\/en\/wp-json\/wp\/v2\/pages\/3225\/revisions"}],"wp:attachment":[{"href":"https:\/\/fidrive.ch\/en\/wp-json\/wp\/v2\/media?parent=3225"}],"curies":[{"name":"wp","href":"https:\/\/api.w.org\/{rel}","templated":true}]}}